{"id":6781,"date":"2025-07-31T15:16:21","date_gmt":"2025-07-31T15:16:21","guid":{"rendered":"https:\/\/hlsinfinity.com\/protection-des-donnees\/"},"modified":"2025-08-21T09:52:35","modified_gmt":"2025-08-21T09:52:35","slug":"protection-des-donnees","status":"publish","type":"page","link":"https:\/\/hlsinfinity.com\/fr\/protection-des-donnees\/","title":{"rendered":"Protection des donn\u00e9es"},"content":{"rendered":"\n<h2 class=\"wp-block-heading\">1. Protection des donn\u00e9es<\/h2>\n\n<p>Nous, les op\u00e9rateurs de ce site web, accordons une grande importance \u00e0 la protection de vos donn\u00e9es personnelles. Nous collectons et utilisons vos donn\u00e9es personnelles exclusivement conform\u00e9ment aux lois suisses sur la protection des donn\u00e9es, en particulier la Loi f\u00e9d\u00e9rale sur la protection des donn\u00e9es (LPD). Toutes les donn\u00e9es personnelles sont trait\u00e9es de mani\u00e8re confidentielle et conform\u00e9ment aux dispositions l\u00e9gales ainsi qu&rsquo;\u00e0 la pr\u00e9sente politique de confidentialit\u00e9.  <\/p>\n\n<p>L&rsquo;utilisation de notre site web est g\u00e9n\u00e9ralement possible sans fournir de donn\u00e9es personnelles. Lorsque des donn\u00e9es personnelles (par exemple, nom, adresse, adresse e-mail) sont collect\u00e9es sur notre site, elles sont toujours, dans la mesure du possible, fournies volontairement. Ces donn\u00e9es ne seront jamais transmises \u00e0 des tiers sans votre consentement explicite, sauf si cela est n\u00e9cessaire pour l&rsquo;ex\u00e9cution d&rsquo;un contrat ou pour se conformer \u00e0 une obligation l\u00e9gale.  <\/p>\n\n<p>Veuillez noter que la transmission de donn\u00e9es sur Internet (par exemple, la communication par e-mail) peut pr\u00e9senter des risques de s\u00e9curit\u00e9. Bien que nous mettions en \u0153uvre des mesures de s\u00e9curit\u00e9 appropri\u00e9es, une protection absolue contre l&rsquo;acc\u00e8s non autoris\u00e9 par des tiers ne peut \u00eatre garantie. <\/p>\n\n<p>Cette politique de confidentialit\u00e9 vous informe sur la nature, l&rsquo;\u00e9tendue et la finalit\u00e9 de la collecte, du traitement et de l&rsquo;utilisation des donn\u00e9es personnelles.<\/p>\n\n<h2 class=\"wp-block-heading\">2. Utilisation des cookies<\/h2>\n\n<p>Notre site web utilise des cookies pour am\u00e9liorer l&rsquo;exp\u00e9rience utilisateur, rendre le site plus efficace et s\u00e9curiser son utilisation. Les cookies sont de petits fichiers texte stock\u00e9s sur votre appareil par votre navigateur. <\/p>\n\n<p>Nous utilisons principalement des \u00ab cookies de session \u00bb, qui sont automatiquement supprim\u00e9s \u00e0 la fin de votre visite. Certains autres cookies restent sur votre appareil jusqu&rsquo;\u00e0 ce que vous les supprimiez. Ces cookies nous permettent de reconna\u00eetre votre navigateur lors de votre prochaine visite pour personnaliser votre exp\u00e9rience.  <\/p>\n\n<p>Vous pouvez configurer votre navigateur pour \u00eatre averti lorsque des cookies sont install\u00e9s, accepter ou refuser les cookies dans certains cas ou en g\u00e9n\u00e9ral, et activer la suppression automatique des cookies \u00e0 la fermeture du navigateur. Veuillez noter que la d\u00e9sactivation des cookies peut limiter les fonctionnalit\u00e9s de notre site web. <\/p>\n\n<h2 class=\"wp-block-heading\">3. Fichiers journaux du serveur \/ donn\u00e9es d&rsquo;acc\u00e8s<\/h2>\n\n<p>Lorsque vous visitez notre site web, des donn\u00e9es techniques sont automatiquement transmises par votre navigateur Internet et stock\u00e9es dans des fichiers journaux du serveur. Ces donn\u00e9es comprennent, sans s&rsquo;y limiter : <\/p>\n\n<ul class=\"wp-block-list\">\n<li>Pages visit\u00e9es \/ fichiers consult\u00e9s<\/li>\n\n\n\n<li>Type et version du navigateur<\/li>\n\n\n\n<li>Syst\u00e8me d&rsquo;exploitation utilis\u00e9<\/li>\n\n\n\n<li>Quantit\u00e9 de donn\u00e9es transf\u00e9r\u00e9es<\/li>\n\n\n\n<li>URL de provenance (le site web depuis lequel vous avez acc\u00e9d\u00e9 au n\u00f4tre)<\/li>\n\n\n\n<li>Nom d&rsquo;h\u00f4te de l&rsquo;ordinateur acc\u00e9dant<\/li>\n\n\n\n<li>Date et heure de la requ\u00eate<\/li>\n\n\n\n<li>Messages d&rsquo;erreur<\/li>\n\n\n\n<li>Adresse IP<\/li>\n<\/ul>\n\n<p>Ces donn\u00e9es ne sont pas attribuables \u00e0 une personne sp\u00e9cifique et ne sont pas combin\u00e9es avec d&rsquo;autres sources de donn\u00e9es. Les donn\u00e9es non personnelles sont collect\u00e9es et utilis\u00e9es \u00e0 des fins internes, de s\u00e9curit\u00e9 du syst\u00e8me et d&rsquo;analyse statistique. <\/p>\n\n<h2 class=\"wp-block-heading\">4. Formulaire de contact et e-mails<\/h2>\n\n<p>Lorsque vous nous contactez via les options fournies sur le site, vos donn\u00e9es sont collect\u00e9es et stock\u00e9es pour traiter votre demande. Ces donn\u00e9es ne seront pas partag\u00e9es avec des tiers sans votre consentement explicite, sauf si la loi l&rsquo;exige. <\/p>\n\n<p>Les donn\u00e9es soumises via le formulaire de contact sont trait\u00e9es uniquement sur la base de votre consentement. Vous pouvez r\u00e9voquer ce consentement \u00e0 tout moment en nous contactant simplement, par exemple par e-mail. La l\u00e9galit\u00e9 du traitement des donn\u00e9es effectu\u00e9 avant la r\u00e9vocation reste intacte.  <\/p>\n\n<p>Les donn\u00e9es saisies dans le formulaire de contact sont conserv\u00e9es jusqu&rsquo;\u00e0 ce que vous demandiez leur suppression, r\u00e9voquiez votre consentement, ou que la finalit\u00e9 du stockage ne soit plus applicable (par exemple, apr\u00e8s le traitement complet de votre demande). Les obligations l\u00e9gales concernant la conservation des donn\u00e9es restent inchang\u00e9es. <\/p>\n\n<h2 class=\"wp-block-heading\">5. Newsletter<\/h2>\n\n<p>Pour vous tenir inform\u00e9 de nos activit\u00e9s, nous proposons une newsletter. L&rsquo;abonnement \u00e0 la newsletter suit un processus de double opt-in, o\u00f9 vous confirmez votre consentement via un lien envoy\u00e9 par e-mail. <\/p>\n\n<p>La newsletter peut contenir des informations sur nos services, les actualit\u00e9s de l&rsquo;entreprise et des offres promotionnelles. Les donn\u00e9es collect\u00e9es lors de l&rsquo;inscription, y compris votre adresse e-mail et autres informations personnelles, sont utilis\u00e9es uniquement pour l&rsquo;envoi de la newsletter. Ces donn\u00e9es sont conserv\u00e9es jusqu&rsquo;\u00e0 ce que vous r\u00e9voquiez votre consentement.  <\/p>\n\n<p>Vous pouvez vous d\u00e9sabonner \u00e0 tout moment en suivant le lien de d\u00e9sabonnement inclus dans chaque newsletter. Apr\u00e8s le d\u00e9sabonnement, vos donn\u00e9es seront supprim\u00e9es, sauf si leur conservation est requise par la loi. <\/p>\n\n<h2 class=\"wp-block-heading\">6. Collecte et traitement des donn\u00e9es li\u00e9es au contenu<\/h2>\n\n<p>En soumettant des formulaires de contact ou en vous inscrivant aux newsletters ou \u00e9v\u00e9nements, vous nous fournissez des donn\u00e9es personnelles telles que votre nom, adresse et adresse e-mail. Ces informations sont collect\u00e9es et trait\u00e9es uniquement dans le but indiqu\u00e9 au moment de la collecte.<\/p>\n\n<h2 class=\"wp-block-heading\">7. Commentaires et contributions<\/h2>\n\n<p>Lorsque vous publiez un commentaire ou une contribution sur notre site, votre adresse IP est enregistr\u00e9e. Cette mesure est en place pour assurer la s\u00e9curit\u00e9 et prot\u00e9ger contre les abus potentiels. En cas de violations l\u00e9gales, ces informations peuvent \u00eatre utilis\u00e9es pour identifier l&rsquo;auteur.<\/p>\n\n<h2 class=\"wp-block-heading\">8. Utilisation de Google Maps<\/h2>\n\n<p>Ce site utilise Google Maps pour afficher des cartes g\u00e9ographiques. L&rsquo;utilisation de Google Maps implique la transmission de donn\u00e9es, y compris votre adresse IP, aux serveurs de Google situ\u00e9s aux \u00c9tats-Unis. Veuillez noter que l&rsquo;utilisation de Google Maps est soumise aux Conditions d&rsquo;utilisation de Google et \u00e0 leur Politique de confidentialit\u00e9.<\/p>\n\n<p>Si vous souhaitez \u00e9viter le transfert de vos donn\u00e9es \u00e0 Google, vous pouvez d\u00e9sactiver JavaScript dans votre navigateur. Cependant, cela limitera la fonctionnalit\u00e9 des cartes sur notre site.<\/p>\n\n<h2 class=\"wp-block-heading\">9. Utilisation de Google Analytics<\/h2>\n\n<p>Ce site web utilise Google Analytics, un service d&rsquo;analyse web fourni par Google Inc. Google Analytics utilise des cookies pour aider \u00e0 analyser comment les utilisateurs interagissent avec le site web.<\/p>\n\n<h3 class=\"wp-block-heading\">9.1 Anonymisation de l&rsquo;IP<\/h3>\n\n<p>Nous avons activ\u00e9 l&rsquo;anonymisation de l&rsquo;IP. Cela signifie que Google raccourcit votre adresse IP au sein de l&rsquo;Union europ\u00e9enne ou d&rsquo;autres \u00c9tats membres de l&rsquo;EEE avant de la transmettre aux \u00c9tats-Unis. Ce n&rsquo;est que dans des cas exceptionnels que l&rsquo;adresse IP compl\u00e8te est transmise \u00e0 un serveur de Google aux \u00c9tats-Unis et y est raccourcie. Google utilise ces informations pour \u00e9valuer votre utilisation du site web, compiler des rapports sur l&rsquo;activit\u00e9 du site et fournir d&rsquo;autres services li\u00e9s \u00e0 l&rsquo;utilisation d&rsquo;Internet.<\/p>\n\n<h3 class=\"wp-block-heading\">9.2 Plugin de navigateur<\/h3>\n\n<p>Vous pouvez emp\u00eacher le stockage des cookies en ajustant les param\u00e8tres de votre navigateur. Cependant, cela peut limiter certaines fonctionnalit\u00e9s de notre site. Vous pouvez \u00e9galement emp\u00eacher la collecte et le traitement par Google des donn\u00e9es g\u00e9n\u00e9r\u00e9es par les cookies li\u00e9es \u00e0 votre utilisation du site web (y compris votre adresse IP) en t\u00e9l\u00e9chargeant et en installant le plugin de navigateur disponible \u00e0 l&rsquo;adresse : https:\/\/tools.google.com\/dlpage\/gaoptout?hl=fr<\/p>\n\n<h2 class=\"wp-block-heading\">10. Vos droits<\/h2>\n\n<p>Conform\u00e9ment \u00e0 la Loi f\u00e9d\u00e9rale sur la protection des donn\u00e9es (LPD), vous avez le droit de demander gratuitement des informations sur les donn\u00e9es personnelles que nous d\u00e9tenons \u00e0 votre sujet, et de demander leur correction ou suppression si les donn\u00e9es ne sont plus n\u00e9cessaires ou si leur traitement est ill\u00e9gal. Les demandes peuvent \u00eatre soumises en utilisant les coordonn\u00e9es fournies dans notre mention l\u00e9gale. Pour des raisons de s\u00e9curit\u00e9, les demandes ne seront trait\u00e9es que si elles sont accompagn\u00e9es d&rsquo;une preuve d&rsquo;identit\u00e9.<\/p>\n\n<h2 class=\"wp-block-heading\">11. Opposition aux e-mails publicitaires<\/h2>\n\n<p>L&rsquo;utilisation de nos coordonn\u00e9es dans le but d&rsquo;envoyer de la publicit\u00e9 non sollicit\u00e9e est strictement interdite. En cas de violations, nous nous r\u00e9servons le droit d&rsquo;engager des poursuites judiciaires contre l&rsquo;envoi non sollicit\u00e9 de messages ind\u00e9sirables.<\/p>\n","protected":false},"excerpt":{"rendered":"<p>1. Protection des donn\u00e9es Nous, les op\u00e9rateurs de ce site web, accordons une grande importance \u00e0 la protection de vos donn\u00e9es personnelles. Nous collectons et utilisons vos donn\u00e9es personnelles exclusivement conform\u00e9ment aux lois suisses sur la protection des donn\u00e9es, en particulier la Loi f\u00e9d\u00e9rale sur la protection des donn\u00e9es (LPD). Toutes les donn\u00e9es personnelles sont [&hellip;]<\/p>\n","protected":false},"author":1,"featured_media":0,"parent":0,"menu_order":0,"comment_status":"closed","ping_status":"closed","template":"","meta":{"_acf_changed":false,"footnotes":"","_wp_rev_ctl_limit":""},"class_list":["post-6781","page","type-page","status-publish","hentry"],"acf":[],"yoast_head":"<!-- This site is optimized with the Yoast SEO plugin v27.3 - https:\/\/yoast.com\/product\/yoast-seo-wordpress\/ -->\n<title>Protection des donn\u00e9es | HLS<\/title>\n<meta name=\"robots\" content=\"index, follow, max-snippet:-1, max-image-preview:large, max-video-preview:-1\" \/>\n<link rel=\"canonical\" href=\"https:\/\/hlsinfinity.com\/fr\/protection-des-donnees\/\" \/>\n<meta property=\"og:locale\" content=\"fr_FR\" \/>\n<meta property=\"og:type\" content=\"article\" \/>\n<meta property=\"og:title\" content=\"Protection des donn\u00e9es | HLS\" \/>\n<meta property=\"og:description\" content=\"1. Protection des donn\u00e9es Nous, les op\u00e9rateurs de ce site web, accordons une grande importance \u00e0 la protection de vos donn\u00e9es personnelles. Nous collectons et utilisons vos donn\u00e9es personnelles exclusivement conform\u00e9ment aux lois suisses sur la protection des donn\u00e9es, en particulier la Loi f\u00e9d\u00e9rale sur la protection des donn\u00e9es (LPD). Toutes les donn\u00e9es personnelles sont [&hellip;]\" \/>\n<meta property=\"og:url\" content=\"https:\/\/hlsinfinity.com\/fr\/protection-des-donnees\/\" \/>\n<meta property=\"og:site_name\" content=\"HLS\" \/>\n<meta property=\"article:modified_time\" content=\"2025-08-21T09:52:35+00:00\" \/>\n<meta name=\"twitter:card\" content=\"summary_large_image\" \/>\n<meta name=\"twitter:label1\" content=\"Dur\u00e9e de lecture estim\u00e9e\" \/>\n\t<meta name=\"twitter:data1\" content=\"7 minutes\" \/>\n<script type=\"application\/ld+json\" class=\"yoast-schema-graph\">{\"@context\":\"https:\\\/\\\/schema.org\",\"@graph\":[{\"@type\":\"WebPage\",\"@id\":\"https:\\\/\\\/hlsinfinity.com\\\/fr\\\/protection-des-donnees\\\/\",\"url\":\"https:\\\/\\\/hlsinfinity.com\\\/fr\\\/protection-des-donnees\\\/\",\"name\":\"Protection des donn\u00e9es | HLS\",\"isPartOf\":{\"@id\":\"https:\\\/\\\/hlsinfinity.com\\\/fr\\\/#website\"},\"datePublished\":\"2025-07-31T15:16:21+00:00\",\"dateModified\":\"2025-08-21T09:52:35+00:00\",\"breadcrumb\":{\"@id\":\"https:\\\/\\\/hlsinfinity.com\\\/fr\\\/protection-des-donnees\\\/#breadcrumb\"},\"inLanguage\":\"fr-FR\",\"potentialAction\":[{\"@type\":\"ReadAction\",\"target\":[\"https:\\\/\\\/hlsinfinity.com\\\/fr\\\/protection-des-donnees\\\/\"]}]},{\"@type\":\"BreadcrumbList\",\"@id\":\"https:\\\/\\\/hlsinfinity.com\\\/fr\\\/protection-des-donnees\\\/#breadcrumb\",\"itemListElement\":[{\"@type\":\"ListItem\",\"position\":1,\"name\":\"Home\",\"item\":\"https:\\\/\\\/hlsinfinity.com\\\/fr\\\/\"},{\"@type\":\"ListItem\",\"position\":2,\"name\":\"Protection des donn\u00e9es\"}]},{\"@type\":\"WebSite\",\"@id\":\"https:\\\/\\\/hlsinfinity.com\\\/fr\\\/#website\",\"url\":\"https:\\\/\\\/hlsinfinity.com\\\/fr\\\/\",\"name\":\"HLS Limousines\",\"description\":\"\",\"publisher\":{\"@id\":\"https:\\\/\\\/hlsinfinity.com\\\/fr\\\/#organization\"},\"potentialAction\":[{\"@type\":\"SearchAction\",\"target\":{\"@type\":\"EntryPoint\",\"urlTemplate\":\"https:\\\/\\\/hlsinfinity.com\\\/fr\\\/?s={search_term_string}\"},\"query-input\":{\"@type\":\"PropertyValueSpecification\",\"valueRequired\":true,\"valueName\":\"search_term_string\"}}],\"inLanguage\":\"fr-FR\"},{\"@type\":\"Organization\",\"@id\":\"https:\\\/\\\/hlsinfinity.com\\\/fr\\\/#organization\",\"name\":\"HLS Limousines\",\"url\":\"https:\\\/\\\/hlsinfinity.com\\\/fr\\\/\",\"logo\":{\"@type\":\"ImageObject\",\"inLanguage\":\"fr-FR\",\"@id\":\"https:\\\/\\\/hlsinfinity.com\\\/fr\\\/#\\\/schema\\\/logo\\\/image\\\/\",\"url\":\"https:\\\/\\\/hlsinfinity.com\\\/wp-content\\\/uploads\\\/2025\\\/04\\\/Logo.svg\",\"contentUrl\":\"https:\\\/\\\/hlsinfinity.com\\\/wp-content\\\/uploads\\\/2025\\\/04\\\/Logo.svg\",\"width\":763,\"height\":206,\"caption\":\"HLS Limousines\"},\"image\":{\"@id\":\"https:\\\/\\\/hlsinfinity.com\\\/fr\\\/#\\\/schema\\\/logo\\\/image\\\/\"}}]}<\/script>\n<!-- \/ Yoast SEO plugin. -->","yoast_head_json":{"title":"Protection des donn\u00e9es | HLS","robots":{"index":"index","follow":"follow","max-snippet":"max-snippet:-1","max-image-preview":"max-image-preview:large","max-video-preview":"max-video-preview:-1"},"canonical":"https:\/\/hlsinfinity.com\/fr\/protection-des-donnees\/","og_locale":"fr_FR","og_type":"article","og_title":"Protection des donn\u00e9es | HLS","og_description":"1. Protection des donn\u00e9es Nous, les op\u00e9rateurs de ce site web, accordons une grande importance \u00e0 la protection de vos donn\u00e9es personnelles. Nous collectons et utilisons vos donn\u00e9es personnelles exclusivement conform\u00e9ment aux lois suisses sur la protection des donn\u00e9es, en particulier la Loi f\u00e9d\u00e9rale sur la protection des donn\u00e9es (LPD). Toutes les donn\u00e9es personnelles sont [&hellip;]","og_url":"https:\/\/hlsinfinity.com\/fr\/protection-des-donnees\/","og_site_name":"HLS","article_modified_time":"2025-08-21T09:52:35+00:00","twitter_card":"summary_large_image","twitter_misc":{"Dur\u00e9e de lecture estim\u00e9e":"7 minutes"},"schema":{"@context":"https:\/\/schema.org","@graph":[{"@type":"WebPage","@id":"https:\/\/hlsinfinity.com\/fr\/protection-des-donnees\/","url":"https:\/\/hlsinfinity.com\/fr\/protection-des-donnees\/","name":"Protection des donn\u00e9es | HLS","isPartOf":{"@id":"https:\/\/hlsinfinity.com\/fr\/#website"},"datePublished":"2025-07-31T15:16:21+00:00","dateModified":"2025-08-21T09:52:35+00:00","breadcrumb":{"@id":"https:\/\/hlsinfinity.com\/fr\/protection-des-donnees\/#breadcrumb"},"inLanguage":"fr-FR","potentialAction":[{"@type":"ReadAction","target":["https:\/\/hlsinfinity.com\/fr\/protection-des-donnees\/"]}]},{"@type":"BreadcrumbList","@id":"https:\/\/hlsinfinity.com\/fr\/protection-des-donnees\/#breadcrumb","itemListElement":[{"@type":"ListItem","position":1,"name":"Home","item":"https:\/\/hlsinfinity.com\/fr\/"},{"@type":"ListItem","position":2,"name":"Protection des donn\u00e9es"}]},{"@type":"WebSite","@id":"https:\/\/hlsinfinity.com\/fr\/#website","url":"https:\/\/hlsinfinity.com\/fr\/","name":"HLS Limousines","description":"","publisher":{"@id":"https:\/\/hlsinfinity.com\/fr\/#organization"},"potentialAction":[{"@type":"SearchAction","target":{"@type":"EntryPoint","urlTemplate":"https:\/\/hlsinfinity.com\/fr\/?s={search_term_string}"},"query-input":{"@type":"PropertyValueSpecification","valueRequired":true,"valueName":"search_term_string"}}],"inLanguage":"fr-FR"},{"@type":"Organization","@id":"https:\/\/hlsinfinity.com\/fr\/#organization","name":"HLS Limousines","url":"https:\/\/hlsinfinity.com\/fr\/","logo":{"@type":"ImageObject","inLanguage":"fr-FR","@id":"https:\/\/hlsinfinity.com\/fr\/#\/schema\/logo\/image\/","url":"https:\/\/hlsinfinity.com\/wp-content\/uploads\/2025\/04\/Logo.svg","contentUrl":"https:\/\/hlsinfinity.com\/wp-content\/uploads\/2025\/04\/Logo.svg","width":763,"height":206,"caption":"HLS Limousines"},"image":{"@id":"https:\/\/hlsinfinity.com\/fr\/#\/schema\/logo\/image\/"}}]}},"_links":{"self":[{"href":"https:\/\/hlsinfinity.com\/fr\/wp-json\/wp\/v2\/pages\/6781","targetHints":{"allow":["GET"]}}],"collection":[{"href":"https:\/\/hlsinfinity.com\/fr\/wp-json\/wp\/v2\/pages"}],"about":[{"href":"https:\/\/hlsinfinity.com\/fr\/wp-json\/wp\/v2\/types\/page"}],"author":[{"embeddable":true,"href":"https:\/\/hlsinfinity.com\/fr\/wp-json\/wp\/v2\/users\/1"}],"replies":[{"embeddable":true,"href":"https:\/\/hlsinfinity.com\/fr\/wp-json\/wp\/v2\/comments?post=6781"}],"version-history":[{"count":0,"href":"https:\/\/hlsinfinity.com\/fr\/wp-json\/wp\/v2\/pages\/6781\/revisions"}],"wp:attachment":[{"href":"https:\/\/hlsinfinity.com\/fr\/wp-json\/wp\/v2\/media?parent=6781"}],"curies":[{"name":"wp","href":"https:\/\/api.w.org\/{rel}","templated":true}]}}